{"id":726,"date":"2018-05-12T19:45:03","date_gmt":"2018-05-12T17:45:03","guid":{"rendered":"https:\/\/www.abcthemes.fr\/demos\/?page_id=726"},"modified":"2023-10-25T21:21:37","modified_gmt":"2023-10-25T19:21:37","slug":"welcome-2-3","status":"publish","type":"page","link":"https:\/\/www.creation-site-vtc.com\/demos\/202403\/welcome-2-3\/","title":{"rendered":"Nos v\u00e9hicules"},"content":{"rendered":"\n<div class=\"wp-block-media-text alignwide has-media-on-the-right is-stacked-on-mobile\"><div class=\"wp-block-media-text__content\">\n<div class=\"is-layout-constrained wp-block-group\"><div class=\"wp-block-group__inner-container\">\n<h2><strong>Le Van grande capacit\u00e9<\/strong><\/h2>\n\n\n\n<p>Le&nbsp;faux texte ici employ\u00e9 dans la composition et la mise en page permet de finaliser les pages du site , mais s&rsquo;est aussi adapt\u00e9 \u00e0 la bureautique informatique, sans que son contenu n&rsquo;en soit modifi\u00e9.<br>Remplacez ce texte par d\u00e9faut par votre propre texte, mettez les photos les plus proche de votre activit\u00e9 et vous \u00eatre pr\u00eat. Les textes figurant dans les pages du texte servent d\u2019exemple et peuvent \u00eatre remplac\u00e9 en vous connectant \u00e0 votre site. Du texte. Du texte.\u2019 est qu\u2019il poss\u00e8de une distribution de lettres plus ou moins normale, et en tout cas comparable avec celle du fran\u00e7ais standard.<\/p>\n<\/div><\/div>\n<\/div><figure class=\"wp-block-media-text__media\"><img decoding=\"async\" loading=\"lazy\" width=\"442\" height=\"270\" src=\"https:\/\/www.creation-site-vtc\/demos\/202403\/wp-content\/uploads\/sites\/217\/2017\/10\/image20.png\" alt=\"\" class=\"wp-image-1620 size-full\" srcset=\"https:\/\/www.creation-site-vtc.com\/demos\/202403\/wp-content\/uploads\/sites\/217\/2017\/10\/image20.png 442w, https:\/\/www.creation-site-vtc.com\/demos\/202403\/wp-content\/uploads\/sites\/217\/2017\/10\/image20-300x183.png 300w\" sizes=\"(max-width: 442px) 100vw, 442px\" \/><\/figure><\/div>\n\n\n\n<div class=\"wp-block-media-text alignwide is-stacked-on-mobile\"><figure class=\"wp-block-media-text__media\"><img decoding=\"async\" loading=\"lazy\" width=\"1024\" height=\"503\" src=\"https:\/\/www.creation-site-vtc\/demos\/202403\/wp-content\/uploads\/sites\/217\/2018\/05\/508-Berline-01-scaled-1-scaled-1-1024x503.jpg\" alt=\"\" class=\"wp-image-1387 size-full\" srcset=\"https:\/\/www.creation-site-vtc.com\/demos\/202403\/wp-content\/uploads\/sites\/217\/2018\/05\/508-Berline-01-scaled-1-scaled-1-1024x503.jpg 1024w, https:\/\/www.creation-site-vtc.com\/demos\/202403\/wp-content\/uploads\/sites\/217\/2018\/05\/508-Berline-01-scaled-1-scaled-1-300x147.jpg 300w, https:\/\/www.creation-site-vtc.com\/demos\/202403\/wp-content\/uploads\/sites\/217\/2018\/05\/508-Berline-01-scaled-1-scaled-1-768x377.jpg 768w, https:\/\/www.creation-site-vtc.com\/demos\/202403\/wp-content\/uploads\/sites\/217\/2018\/05\/508-Berline-01-scaled-1-scaled-1-1536x754.jpg 1536w, https:\/\/www.creation-site-vtc.com\/demos\/202403\/wp-content\/uploads\/sites\/217\/2018\/05\/508-Berline-01-scaled-1-scaled-1-2048x1006.jpg 2048w\" sizes=\"(max-width: 767px) 89vw, (max-width: 1000px) 54vw, (max-width: 1071px) 543px, 580px\" \/><\/figure><div class=\"wp-block-media-text__content\">\n<div class=\"is-layout-constrained wp-block-group\"><div class=\"wp-block-group__inner-container\">\n<h2><strong>Berline<\/strong><\/h2>\n\n\n\n<p>Le&nbsp;faux texte ici employ\u00e9 dans la composition et la mise en page permet de finaliser les pages du site , mais s&rsquo;est aussi adapt\u00e9 \u00e0 la bureautique informatique, sans que son contenu n&rsquo;en soit modifi\u00e9.<br>Remplacez ce texte par d\u00e9faut par votre propre texte, mettez les photos les plus proche de votre activit\u00e9 et vous \u00eatre pr\u00eat. Les textes figurant dans les pages du texte servent d\u2019exemple et peuvent \u00eatre remplac\u00e9 en vous connectant \u00e0 votre site. Du texte. Du texte.\u2019 est qu\u2019il poss\u00e8de une distribution de lettres plus ou moins normale, et en tout cas comparable avec celle du fran\u00e7ais standard<\/p>\n<\/div><\/div>\n<\/div><\/div>\n\n\n\n<div class=\"wp-block-media-text alignwide is-stacked-on-mobile\"><figure class=\"wp-block-media-text__media\"><img decoding=\"async\" loading=\"lazy\" width=\"1024\" height=\"682\" src=\"https:\/\/www.creation-site-vtc\/demos\/202403\/wp-content\/uploads\/sites\/217\/2017\/10\/image9-1024x682.jpeg\" alt=\"\" class=\"wp-image-1307 size-full\" srcset=\"https:\/\/www.creation-site-vtc.com\/demos\/202403\/wp-content\/uploads\/sites\/217\/2017\/10\/image9-1024x682.jpeg 1024w, https:\/\/www.creation-site-vtc.com\/demos\/202403\/wp-content\/uploads\/sites\/217\/2017\/10\/image9-300x200.jpeg 300w, https:\/\/www.creation-site-vtc.com\/demos\/202403\/wp-content\/uploads\/sites\/217\/2017\/10\/image9-768x512.jpeg 768w, https:\/\/www.creation-site-vtc.com\/demos\/202403\/wp-content\/uploads\/sites\/217\/2017\/10\/image9-1536x1024.jpeg 1536w, https:\/\/www.creation-site-vtc.com\/demos\/202403\/wp-content\/uploads\/sites\/217\/2017\/10\/image9-272x182.jpeg 272w, https:\/\/www.creation-site-vtc.com\/demos\/202403\/wp-content\/uploads\/sites\/217\/2017\/10\/image9.jpeg 1880w\" sizes=\"(max-width: 767px) 89vw, (max-width: 1000px) 54vw, (max-width: 1071px) 543px, 580px\" \/><\/figure><div class=\"wp-block-media-text__content\">\n<div class=\"is-layout-constrained wp-block-group\"><div class=\"wp-block-group__inner-container\">\n<h2><strong>Particuliers<\/strong><\/h2>\n\n\n\n<p>Remplacez ce texte par d\u00e9faut par votre propre texte, mettez les photos les plus proche de votre activit\u00e9 et vous \u00eatre pr\u00eat. Les textes figurant dans les pages du texte servent d\u2019exemple et peuvent \u00eatre remplac\u00e9 en vous connectant \u00e0 votre site. Du texte.<\/p>\n\n\n\n<h2><strong>Professionnels<\/strong><\/h2>\n\n\n\n<p>Du texte.\u2019 est qu\u2019il poss\u00e8de une distribution de lettres plus ou moins normale, et en tout cas comparable avec celle du fran\u00e7ais standard.<\/p>\n<\/div><\/div>\n<\/div><\/div>\n\n\n\n<div class=\"is-nowrap is-layout-flex wp-container-4 wp-block-group\">\n<div class=\"wp-block-cover\"><span aria-hidden=\"true\" class=\"wp-block-cover__background has-background-dim\"><\/span><img decoding=\"async\" loading=\"lazy\" width=\"1880\" height=\"1249\" class=\"wp-block-cover__image-background wp-image-1326\" alt=\"\" src=\"https:\/\/www.creation-site-vtc\/demos\/202403\/wp-content\/uploads\/sites\/217\/2017\/10\/image52-1.jpg\" data-object-fit=\"cover\" srcset=\"https:\/\/www.creation-site-vtc.com\/demos\/202403\/wp-content\/uploads\/sites\/217\/2017\/10\/image52-1.jpg 1880w, https:\/\/www.creation-site-vtc.com\/demos\/202403\/wp-content\/uploads\/sites\/217\/2017\/10\/image52-1-300x199.jpg 300w, https:\/\/www.creation-site-vtc.com\/demos\/202403\/wp-content\/uploads\/sites\/217\/2017\/10\/image52-1-1024x680.jpg 1024w, https:\/\/www.creation-site-vtc.com\/demos\/202403\/wp-content\/uploads\/sites\/217\/2017\/10\/image52-1-768x510.jpg 768w, https:\/\/www.creation-site-vtc.com\/demos\/202403\/wp-content\/uploads\/sites\/217\/2017\/10\/image52-1-1536x1020.jpg 1536w, https:\/\/www.creation-site-vtc.com\/demos\/202403\/wp-content\/uploads\/sites\/217\/2017\/10\/image52-1-272x182.jpg 272w\" sizes=\"(max-width: 767px) 89vw, (max-width: 1000px) 54vw, (max-width: 1071px) 543px, 580px\" \/><div class=\"wp-block-cover__inner-container\">\n<h2><strong>A propos<\/strong><\/h2>\n\n\n\n<p>Le&nbsp;faux texte ici employ\u00e9 dans la composition et la mise en page permet de finaliser les pages du site , mais s&rsquo;est aussi adapt\u00e9 \u00e0 la bureautique informatique, sans que son contenu n&rsquo;en soit modifi\u00e9.<br>Remplacez ce texte par d\u00e9faut par votre propre texte, mettez les photos les plus proche de votre activit\u00e9 et vous \u00eatre pr\u00eat. Les textes figurant dans les pages du texte servent d\u2019exemple et peuvent \u00eatre remplac\u00e9 en vous connectant \u00e0 votre site. Du texte. Du texte.\u2019 est qu\u2019il poss\u00e8de une distribution de lettres plus ou moins normale, et en tout cas comparable avec celle du fran\u00e7ais standard.<\/p>\n<\/div><\/div>\n\n\n\n<div class=\"wp-block-cover\"><span aria-hidden=\"true\" class=\"wp-block-cover__background has-background-dim\"><\/span><img decoding=\"async\" loading=\"lazy\" width=\"1880\" height=\"1058\" class=\"wp-block-cover__image-background wp-image-1256\" alt=\"\" src=\"https:\/\/www.creation-site-vtc\/demos\/202403\/wp-content\/uploads\/sites\/217\/2018\/06\/image48-1.jpg\" data-object-fit=\"cover\" srcset=\"https:\/\/www.creation-site-vtc.com\/demos\/202403\/wp-content\/uploads\/sites\/217\/2018\/06\/image48-1.jpg 1880w, https:\/\/www.creation-site-vtc.com\/demos\/202403\/wp-content\/uploads\/sites\/217\/2018\/06\/image48-1-300x169.jpg 300w, https:\/\/www.creation-site-vtc.com\/demos\/202403\/wp-content\/uploads\/sites\/217\/2018\/06\/image48-1-1024x576.jpg 1024w, https:\/\/www.creation-site-vtc.com\/demos\/202403\/wp-content\/uploads\/sites\/217\/2018\/06\/image48-1-768x432.jpg 768w, https:\/\/www.creation-site-vtc.com\/demos\/202403\/wp-content\/uploads\/sites\/217\/2018\/06\/image48-1-1536x864.jpg 1536w\" sizes=\"(max-width: 767px) 89vw, (max-width: 1000px) 54vw, (max-width: 1071px) 543px, 580px\" \/><div class=\"wp-block-cover__inner-container\">\n<h2><strong>Ev\u00e9nements<\/strong><\/h2>\n\n\n\n<p>Le&nbsp;faux texte ici employ\u00e9 dans la composition et la mise en page permet de finaliser les pages du site , mais s&rsquo;est aussi adapt\u00e9 \u00e0 la bureautique informatique, sans que son contenu n&rsquo;en soit modifi\u00e9.<br>Remplacez ce texte par d\u00e9faut par votre propre texte, mettez les photos les plus proche de votre activit\u00e9 et vous \u00eatre pr\u00eat. Les textes figurant dans les pages du texte servent d\u2019exemple et peuvent \u00eatre remplac\u00e9 en vous connectant \u00e0 votre site. Du texte. Du texte.\u2019 est qu\u2019il poss\u00e8de une distribution de lettres plus ou moins normale, et en tout cas comparable avec celle du fran\u00e7ais standard.<\/p>\n<\/div><\/div>\n<\/div>\n\n\n\n<div class=\"is-nowrap is-layout-flex wp-container-5 wp-block-group\">\n<p class=\"has-light-green-cyan-background-color has-background\">Le\u00a0faux texte ici employ\u00e9 dans la composition et la mise en page permet de finaliser les pages du site , mais s&rsquo;est aussi adapt\u00e9 \u00e0 la bureautique informatique, sans que son contenu n&rsquo;en soit modifi\u00e9<\/p>\n\n\n\n<p class=\"has-cyan-bluish-gray-background-color has-background\">Le&nbsp;faux texte ici employ\u00e9 dans la composition et la mise en page permet de finaliser les pages du site , mais s&rsquo;est aussi adapt\u00e9 \u00e0 la bureautique informatique, sans que son contenu n&rsquo;en soit modifi\u00e9<\/p>\n<\/div>\n","protected":false},"excerpt":{"rendered":"<p>Le\u00a0faux texte ici employ\u00e9 dans la composition et la mise en page permet de finaliser les pages du site , mais s&rsquo;est aussi adapt\u00e9 \u00e0 la bureautique informatique, sans que son contenu n&rsquo;en soit modifi\u00e9 Le&nbsp;faux texte ici employ\u00e9 dans la composition et la mise en page permet de finaliser les pages du site , &hellip; <\/p>\n<p class=\"link-more\"><a href=\"https:\/\/www.creation-site-vtc.com\/demos\/202403\/welcome-2-3\/\" class=\"more-link\">Continuer la lecture<span class=\"screen-reader-text\"> de &laquo;&nbsp;Nos v\u00e9hicules&nbsp;&raquo;<\/span><\/a><\/p>\n","protected":false},"author":1,"featured_media":0,"parent":0,"menu_order":0,"comment_status":"closed","ping_status":"closed","template":"","meta":[],"_links":{"self":[{"href":"https:\/\/www.creation-site-vtc.com\/demos\/202403\/wp-json\/wp\/v2\/pages\/726"}],"collection":[{"href":"https:\/\/www.creation-site-vtc.com\/demos\/202403\/wp-json\/wp\/v2\/pages"}],"about":[{"href":"https:\/\/www.creation-site-vtc.com\/demos\/202403\/wp-json\/wp\/v2\/types\/page"}],"author":[{"embeddable":true,"href":"https:\/\/www.creation-site-vtc.com\/demos\/202403\/wp-json\/wp\/v2\/users\/1"}],"replies":[{"embeddable":true,"href":"https:\/\/www.creation-site-vtc.com\/demos\/202403\/wp-json\/wp\/v2\/comments?post=726"}],"version-history":[{"count":6,"href":"https:\/\/www.creation-site-vtc.com\/demos\/202403\/wp-json\/wp\/v2\/pages\/726\/revisions"}],"predecessor-version":[{"id":3753,"href":"https:\/\/www.creation-site-vtc.com\/demos\/202403\/wp-json\/wp\/v2\/pages\/726\/revisions\/3753"}],"wp:attachment":[{"href":"https:\/\/www.creation-site-vtc.com\/demos\/202403\/wp-json\/wp\/v2\/media?parent=726"}],"curies":[{"name":"wp","href":"https:\/\/api.w.org\/{rel}","templated":true}]}}