{"id":671,"date":"2018-05-12T17:35:22","date_gmt":"2018-05-12T15:35:22","guid":{"rendered":"https:\/\/www.abcthemes.fr\/demos\/?page_id=671"},"modified":"2025-06-29T14:14:39","modified_gmt":"2025-06-29T12:14:39","slug":"welcome-2","status":"publish","type":"page","link":"https:\/\/www.creation-site-vtc.com\/demos\/202403\/","title":{"rendered":"Accueil"},"content":{"rendered":"\n<div class=\"wp-block-cover is-light\"><span aria-hidden=\"true\" class=\"wp-block-cover__background has-background-dim-70 has-background-dim\" style=\"background-color:#d6e3cb\"><\/span><div class=\"wp-block-cover__inner-container\">\n<div class=\"is-layout-flex wp-container-3 wp-block-columns\">\n<div class=\"is-layout-flow wp-block-column\">            <div class=\"cab-form\">\n\n                <script src=\"https:\/\/www.creation-site-vtc.com\/demos\/202403\/wp-content\/plugins\/cabpress MU\/\/js\/map.js\"\n                    PRICE_PER_KM=\"\" \n                    CITY_MAP=\"Paris\" \n                    COUNTRY=\"fr\" \n                >\n                <\/script>\n\n                <link rel=\"stylesheet\" href=\"https:\/\/www.creation-site-vtc.com\/demos\/202403\/wp-content\/plugins\/cabpress MU\/\/public\/checkout.css\" \/>\n                \n                <div id=\"regForm\">\n\n                        <!-- Display booking details form step 1-->\n\n                        <div class=\"tab\"> <h2 class=\"booking-title is-layout-flow wp-block-column\">R\u00e9servez:<\/h2>\n                            <form id=\"order-start\">\n                                <div class=\"flex-container\">\n                                    <div>\n                                        <label>Date<\/label>\n                                        <input type=\"date\" id=\"orderDate\" name=\"date\" placeholder=\"dd-mm-yyyy\" min=\"now()\" required>\n                                    <\/div>\n                                    <div>\n                                        <label>Departure hour:<\/label>\n                                        <input type=\"time\" id=\"orderTime\"  name=\"time\" placeholder=\"HH:mm\"  min=\"now()\" required>\n                                    <\/div>\n                                <\/div>\n                                <div style=\"display: block\">\n                                    <input\n                                        id=\"origin-input\"\n                                        class=\"controls\"\n                                        name=\"origin\"\n                                        type=\"text\"\n                                        placeholder='Enter an origin location'\n                                        required\n                                    >\n\n                                    <input\n                                        id=\"destination-input\"\n                                        class=\"controls\"\n                                        type=\"text\"\n                                        name=\"destination\"\n                                        placeholder='Enter a destination location'\n                                        required\n                                    >\n                                <\/div>\n\n                                <div id=\"map\" style=\"height: 300px\"><\/div>\n                                <div class=\"distance\" ><\/div>\n                                <input type=\"hidden\" id=\"order-distance\" name=\"order-distance\">\n                            <\/form>\n                        <\/div>\n\n                        <!-- Display car choice form step 2-->\n                        <div class=\"tab\"> <h2 class=\"booking-title\">Choose a car:<\/h2>\n                            <form id=\"order-car\">\n                                <div id=\"display-total\" ><\/div>\n                            <\/form>                \n                        <\/div>\n\n                        <!-- Display a payment form step 3-->\n                        <div class=\"tab\" id=\"paymentPage\"> <h2>informations:<\/h2>\n\n                            <div class=\"panel-heading\">\n                                \n                            <\/div>\n                            <form id=\"order-end\">\n                                <div class=\"panel-body\">\n                                <div class=\"flex-container\">\n                                    <div>\n                                        <label>Lastname<\/label>\n                                        <input class=\"controls\" type=\"text\" id=\"nom\" name=\"lastname\" required>\n                                    <\/div>\n                                    <div>\n                                        <label>Firstname<\/label>\n                                        <input class=\"controls\" type=\"text\" id=\"prenom\" name=\"firstname\" required>\n                                    <\/div>\n                                <\/div>\n                                    <label>Phone<\/label>\n                                    <input class=\"controls\" type=\"tel\" id=\"phone\" name=\"telephone\" required>\n                                    <label>Email<\/label>\n                                    <input class=\"controls\" type=\"email\" id=\"mail\" name=\"mail\" required>\n                                    <div>\n                                        <label>Passager number<\/label>\n                                        <input class=\"controls\" type=\"number\" id=\"passenger\" name=\"passenger\">\n                                    <\/div>\n                                    <div>\n                                        <label>luggages number<\/label>\n                                        <input class=\"controls\" type=\"number\" id=\"luggage\" name=\"luggage\">\n                                    <\/div>\n                                    <label>Comment<\/label>\n                                    <textarea class=\"controls\" id=\"comment\" name=\"comment\" rows=\"4\" cols=\"50\"><\/textarea>\n                                <\/div>   \n                            <\/form>\n                        <\/div>\n\n                        <!-- Display a payment form step 3-->\n                        <div class=\"tab\"> Paiement:                            <div class=\"panel-heading\">\n                                <!-- <h3 class=\"panel-title\">Charge  with Stripe<\/h3> -->\n                                \n                                <p><b>Price:<\/b> <span class=\"priceEnd\" ><\/span> eur<\/p>\n                            <\/div>\n                        <\/div>\n                        <!-- nav buttons -->\n                        <div class=\"bottom-nav\" style=\"overflow:auto;\">\n                            <div >\n                                <button type=\"button\" id=\"prevBtn\" style=\"float: left; width: auto\" onclick=\"nextPrev(-1)\">Previous<\/button>\n                                <button type=\"button\" id=\"nextBtn\" style=\"float: right; width: auto\" onclick=\"nextPrev(1)\" >Next<\/button>\n                                <button type=\"button\" id=\"payCash\" style=\"display: none; float: right; width: auto\" >Pay Cash<\/button>\n                            <\/div>\n                        <\/div>\n                        <!-- Modal content -->\n                        <div id=\"myModal\" class=\"modal\">    \n                            <div class=\"modal-content\">\n                            <span class=\"close\">&times;<\/span>\n                            <p id=\"modal-text\"><\/p>\n                            <\/div>\n                        <\/div>\n                        <!-- Circles which indicates the steps of the form: -->\n                        <div style=\"text-align:center;margin-top:40px;\">\n                            <span class=\"step\"><\/span>\n                            <span class=\"step\"><\/span>\n                            <span class=\"step\"><\/span>\n                            <span class=\"step\"><\/span>\n                        <\/div>\n                <\/div>\n                <script async\n                    src=\"https:\/\/maps.googleapis.com\/maps\/api\/js?key=AIzaSyBwDe1lV0qoazvQCwvZUJOxxXIqRP9iRHc&loading=async&callback=initMap&libraries=places&v=weekly\"\n                >\n                <\/script>\n                <script>\n                    \/\/get form datas\n                    const allForm = document.forms;\n                    let formData = [];\n                    let itemsDatas = {};\n                    let carDatas = [{\"id\":\"1\",\"brand\":\"Ford\",\"color\":\"black\",\"passagers_number\":\"4\",\"description\":null,\"car_image\":null,\"price_km\":\"2.30\"}];\n                    let renderCars = document.getElementById('display-total');\n\n\n                    function getFormData() {\n                    \/\/console.log(itemsDatas);\n\n                        for (let i = 0; i < allForm.length; i++) {\n                            \/\/formData[i]= allForm[i].id;\n                            let car\n                            for (let x = 0; x < allForm[i].length; x++) {\n\n                                if (allForm[i].elements[x].name == 'total-price' && allForm[i].elements[x].checked){\n                                    itemsDatas[allForm[i].elements[x].name] = allForm[i].elements[x].value;\n                                }\n                                itemsDatas[allForm[i].elements[x].id] = allForm[i].elements[x].value;\n                            }\n\n                        }\n                        console.log(itemsDatas);\n\n                    }        \n\n                    \/\/add car details to the second tab\n                    function addCarSelection() {    \n\n                        if (itemsDatas['order-distance']) {\n                            console.log(carDatas);\n                            carDatas.forEach(displayCars);\n\n                        }\n\n                        function displayCars(item, index) {\n                            \/\/ calculate total price per car\n                            let totalprice = itemsDatas['order-distance'] \/ 1000 * item.price_km;\n                            console.log(totalprice);\n                            if (item.car_image) {\n                                renderCars.innerHTML += '<div class=\"car-choice\" >Brand :' + item.brand + '<br> Color :' + item.color + '<br> Passengers number :' + item.passagers_number + '<br> <img src=' + item.car_image + ' style=\"width: 200px\"> <br> Price :' + totalprice.toFixed(2) + '<input type=\"radio\" name=\"total-price\" value=' + totalprice.toFixed(2) +' required><\/div>';\n                            }else{\n                            renderCars.innerHTML += '<div class=\"car-choice\" >Brand :' + item.brand + '<br> Color :' + item.color + '<br> Passengers number :' + item.passagers_number + '<br> Price :' + totalprice.toFixed(2) + '<input type=\"radio\" name=\"total-price\" value=' + totalprice.toFixed(2) +' required><\/div>';\n                            }\n                        }\n                    }\n                <\/script>\n            <\/div>\n    \n<\/div>\n\n\n\n<div class=\"is-layout-flow wp-block-column\">\n<div style=\"height:76px\" aria-hidden=\"true\" class=\"wp-block-spacer\"><\/div>\n\n\n<div class=\"wp-block-image is-style-default\">\n<figure class=\"aligncenter size-full is-resized\"><img decoding=\"async\" loading=\"lazy\" src=\"https:\/\/www.creation-site-vtc.com\/demos\/202403\/wp-content\/uploads\/sites\/217\/2025\/06\/comp-vtc-round.png\" alt=\"\" class=\"wp-image-3847\" width=\"482\" height=\"451\" srcset=\"https:\/\/www.creation-site-vtc.com\/demos\/202403\/wp-content\/uploads\/sites\/217\/2025\/06\/comp-vtc-round.png 560w, https:\/\/www.creation-site-vtc.com\/demos\/202403\/wp-content\/uploads\/sites\/217\/2025\/06\/comp-vtc-round-300x281.png 300w\" sizes=\"(max-width: 482px) 100vw, 482px\" \/><\/figure><\/div><\/div>\n<\/div>\n<\/div><\/div>\n\n\n\n<div class=\"wp-block-media-text alignwide has-media-on-the-right is-stacked-on-mobile has-pale-cyan-blue-background-color has-background\"><div class=\"wp-block-media-text__content\">\n<h2>Disponible pour votre trajet<\/h2>\n\n\n\n<p>Le&nbsp;faux texte ici employ\u00e9 dans la composition et la mise en page permet de finaliser les pages du site.<\/p>\n\n\n\n<div class=\"is-content-justification-center is-layout-flex wp-container-4 wp-block-buttons\">\n<div class=\"wp-block-button\"><a class=\"wp-block-button__link wp-element-button\">R\u00e9server<\/a><\/div>\n<\/div>\n<\/div><figure class=\"wp-block-media-text__media\"><img decoding=\"async\" loading=\"lazy\" width=\"1024\" height=\"682\" src=\"https:\/\/www.creation-site-vtc\/demos\/202403\/wp-content\/uploads\/sites\/217\/2017\/10\/image25-1-1024x682.jpeg\" alt=\"\" class=\"wp-image-1322 size-full\" srcset=\"https:\/\/www.creation-site-vtc.com\/demos\/202403\/wp-content\/uploads\/sites\/217\/2017\/10\/image25-1-1024x682.jpeg 1024w, https:\/\/www.creation-site-vtc.com\/demos\/202403\/wp-content\/uploads\/sites\/217\/2017\/10\/image25-1-300x200.jpeg 300w, https:\/\/www.creation-site-vtc.com\/demos\/202403\/wp-content\/uploads\/sites\/217\/2017\/10\/image25-1-768x512.jpeg 768w, https:\/\/www.creation-site-vtc.com\/demos\/202403\/wp-content\/uploads\/sites\/217\/2017\/10\/image25-1-1536x1024.jpeg 1536w, https:\/\/www.creation-site-vtc.com\/demos\/202403\/wp-content\/uploads\/sites\/217\/2017\/10\/image25-1-272x182.jpeg 272w, https:\/\/www.creation-site-vtc.com\/demos\/202403\/wp-content\/uploads\/sites\/217\/2017\/10\/image25-1.jpeg 1880w\" sizes=\"(max-width: 767px) 89vw, (max-width: 1000px) 54vw, (max-width: 1071px) 543px, 580px\" \/><\/figure><\/div>\n\n\n\n<div class=\"is-nowrap is-layout-flex wp-container-5 wp-block-group\">\n<div class=\"wp-block-cover is-light\"><span aria-hidden=\"true\" class=\"wp-block-cover__background has-background-dim\"><\/span><img decoding=\"async\" loading=\"lazy\" width=\"1820\" height=\"1300\" class=\"wp-block-cover__image-background wp-image-1325\" alt=\"\" src=\"https:\/\/www.creation-site-vtc\/demos\/202403\/wp-content\/uploads\/sites\/217\/2017\/10\/image23-1.jpeg\" data-object-fit=\"cover\" srcset=\"https:\/\/www.creation-site-vtc.com\/demos\/202403\/wp-content\/uploads\/sites\/217\/2017\/10\/image23-1.jpeg 1820w, https:\/\/www.creation-site-vtc.com\/demos\/202403\/wp-content\/uploads\/sites\/217\/2017\/10\/image23-1-300x214.jpeg 300w, https:\/\/www.creation-site-vtc.com\/demos\/202403\/wp-content\/uploads\/sites\/217\/2017\/10\/image23-1-1024x731.jpeg 1024w, https:\/\/www.creation-site-vtc.com\/demos\/202403\/wp-content\/uploads\/sites\/217\/2017\/10\/image23-1-768x549.jpeg 768w, https:\/\/www.creation-site-vtc.com\/demos\/202403\/wp-content\/uploads\/sites\/217\/2017\/10\/image23-1-1536x1097.jpeg 1536w\" sizes=\"(max-width: 767px) 89vw, (max-width: 1000px) 54vw, (max-width: 1071px) 543px, 580px\" \/><div class=\"wp-block-cover__inner-container\">\n<h2 class=\"has-text-align-center has-white-color has-text-color\"><strong>Strat\u00e9gie<br>de croissance<\/strong><\/h2>\n\n\n\n<p class=\"has-text-align-center has-white-color has-text-color\">Le&nbsp;faux texte ici employ\u00e9 dans la composition et la mise en page permet de finaliser les pages du site , mais s&rsquo;est aussi adapt\u00e9 \u00e0 la bureautique informatique, sans que son contenu n&rsquo;en soit modifi\u00e9.<\/p>\n<\/div><\/div>\n\n\n\n<div class=\"wp-block-cover is-light\"><span aria-hidden=\"true\" class=\"wp-block-cover__background has-background-dim\"><\/span><img decoding=\"async\" loading=\"lazy\" width=\"1880\" height=\"1107\" class=\"wp-block-cover__image-background wp-image-1301\" alt=\"\" src=\"https:\/\/www.creation-site-vtc\/demos\/202403\/wp-content\/uploads\/sites\/217\/2017\/10\/image3-2.jpeg\" data-object-fit=\"cover\" srcset=\"https:\/\/www.creation-site-vtc.com\/demos\/202403\/wp-content\/uploads\/sites\/217\/2017\/10\/image3-2.jpeg 1880w, https:\/\/www.creation-site-vtc.com\/demos\/202403\/wp-content\/uploads\/sites\/217\/2017\/10\/image3-2-300x177.jpeg 300w, https:\/\/www.creation-site-vtc.com\/demos\/202403\/wp-content\/uploads\/sites\/217\/2017\/10\/image3-2-1024x603.jpeg 1024w, https:\/\/www.creation-site-vtc.com\/demos\/202403\/wp-content\/uploads\/sites\/217\/2017\/10\/image3-2-768x452.jpeg 768w, https:\/\/www.creation-site-vtc.com\/demos\/202403\/wp-content\/uploads\/sites\/217\/2017\/10\/image3-2-1536x904.jpeg 1536w\" sizes=\"(max-width: 767px) 89vw, (max-width: 1000px) 54vw, (max-width: 1071px) 543px, 580px\" \/><div class=\"wp-block-cover__inner-container\">\n<h2 class=\"has-text-align-center has-white-color has-text-color\"><strong>R\u00e9seaux<br>de fournisseurs<\/strong><\/h2>\n\n\n\n<p class=\"has-text-align-center has-white-color has-text-color\">Le&nbsp;faux texte ici employ\u00e9 dans la composition et la mise en page permet de finaliser les pages du site , mais s&rsquo;est aussi adapt\u00e9 \u00e0 la bureautique informatique, sans que son contenu n&rsquo;en soit modifi\u00e9.<\/p>\n<\/div><\/div>\n\n\n\n<div class=\"wp-block-cover is-light\"><span aria-hidden=\"true\" class=\"wp-block-cover__background has-background-dim\"><\/span><img decoding=\"async\" loading=\"lazy\" width=\"1880\" height=\"1218\" class=\"wp-block-cover__image-background wp-image-1356\" alt=\"\" src=\"https:\/\/www.creation-site-vtc\/demos\/202403\/wp-content\/uploads\/sites\/217\/2017\/10\/image16-1.jpeg\" data-object-fit=\"cover\" srcset=\"https:\/\/www.creation-site-vtc.com\/demos\/202403\/wp-content\/uploads\/sites\/217\/2017\/10\/image16-1.jpeg 1880w, https:\/\/www.creation-site-vtc.com\/demos\/202403\/wp-content\/uploads\/sites\/217\/2017\/10\/image16-1-300x194.jpeg 300w, https:\/\/www.creation-site-vtc.com\/demos\/202403\/wp-content\/uploads\/sites\/217\/2017\/10\/image16-1-1024x663.jpeg 1024w, https:\/\/www.creation-site-vtc.com\/demos\/202403\/wp-content\/uploads\/sites\/217\/2017\/10\/image16-1-768x498.jpeg 768w, https:\/\/www.creation-site-vtc.com\/demos\/202403\/wp-content\/uploads\/sites\/217\/2017\/10\/image16-1-1536x995.jpeg 1536w\" sizes=\"(max-width: 767px) 89vw, (max-width: 1000px) 54vw, (max-width: 1071px) 543px, 580px\" \/><div class=\"wp-block-cover__inner-container\">\n<h2 class=\"has-text-align-center\"><strong>+15% de croissance<\/strong><\/h2>\n\n\n\n<p class=\"has-text-align-center has-white-color has-text-color\">Le&nbsp;faux texte ici employ\u00e9 dans la composition et la mise en page permet de finaliser les pages du site , mais s&rsquo;est aussi adapt\u00e9 \u00e0 la bureautique informatique, sans que son contenu n&rsquo;en soit modifi\u00e9.<\/p>\n<\/div><\/div>\n<\/div>\n\n\n\n<div class=\"is-nowrap is-layout-flex wp-container-8 wp-block-group\">\n<div class=\"is-layout-constrained wp-block-group\"><div class=\"wp-block-group__inner-container\">\n<h2 class=\"has-text-align-center\">Tendance du march\u00e9<\/h2>\n\n\n\n<p class=\"has-text-align-center\">Le&nbsp;faux texte ici employ\u00e9 dans la composition et la mise en page permet de finaliser les pages du site , mais s&rsquo;est aussi adapt\u00e9 \u00e0 la bureautique informatique, sans que son contenu n&rsquo;en soit modifi\u00e9.<\/p>\n<\/div><\/div>\n\n\n\n<div class=\"is-layout-constrained wp-block-group\"><div class=\"wp-block-group__inner-container\">\n<h2 class=\"has-text-align-center\"><strong>100% d&rsquo;engagement<\/strong><\/h2>\n\n\n\n<p class=\"has-text-align-center\">Le&nbsp;faux texte ici employ\u00e9 dans la composition et la mise en page permet de finaliser les pages du site , mais s&rsquo;est aussi adapt\u00e9 \u00e0 la bureautique informatique, sans que son contenu n&rsquo;en soit modifi\u00e9.<\/p>\n<\/div><\/div>\n<\/div>\n\n\n\n<div class=\"is-nowrap is-layout-flex wp-container-9 wp-block-group\">\n<p class=\"has-light-green-cyan-background-color has-background\">Le&nbsp;faux texte ici employ\u00e9 dans la composition et la mise en page permet de finaliser les pages du site , mais s&rsquo;est aussi adapt\u00e9 \u00e0 la bureautique informatique.<\/p>\n\n\n\n<p class=\"has-cyan-bluish-gray-background-color has-background\">Le&nbsp;faux texte ici employ\u00e9 dans la composition et la mise en page permet de finaliser les pages du site , mais s&rsquo;est aussi adapt\u00e9 \u00e0 la bureautique informatique.<\/p>\n<\/div>\n\n\n\n<div class=\"wp-block-cover is-light\"><span aria-hidden=\"true\" class=\"wp-block-cover__background has-background-dim\"><\/span><img decoding=\"async\" loading=\"lazy\" width=\"1880\" height=\"1253\" class=\"wp-block-cover__image-background wp-image-1318\" alt=\"\" src=\"https:\/\/www.creation-site-vtc\/demos\/202403\/wp-content\/uploads\/sites\/217\/2017\/10\/image45.jpeg\" data-object-fit=\"cover\" srcset=\"https:\/\/www.creation-site-vtc.com\/demos\/202403\/wp-content\/uploads\/sites\/217\/2017\/10\/image45.jpeg 1880w, https:\/\/www.creation-site-vtc.com\/demos\/202403\/wp-content\/uploads\/sites\/217\/2017\/10\/image45-300x200.jpeg 300w, https:\/\/www.creation-site-vtc.com\/demos\/202403\/wp-content\/uploads\/sites\/217\/2017\/10\/image45-1024x682.jpeg 1024w, https:\/\/www.creation-site-vtc.com\/demos\/202403\/wp-content\/uploads\/sites\/217\/2017\/10\/image45-768x512.jpeg 768w, https:\/\/www.creation-site-vtc.com\/demos\/202403\/wp-content\/uploads\/sites\/217\/2017\/10\/image45-1536x1024.jpeg 1536w, https:\/\/www.creation-site-vtc.com\/demos\/202403\/wp-content\/uploads\/sites\/217\/2017\/10\/image45-272x182.jpeg 272w\" sizes=\"(max-width: 767px) 89vw, (max-width: 1000px) 54vw, (max-width: 1071px) 543px, 580px\" \/><div class=\"wp-block-cover__inner-container\">\n<div class=\"is-nowrap is-layout-flex wp-container-13 wp-block-group\">\n<div class=\"is-layout-constrained wp-block-group\"><div class=\"wp-block-group__inner-container\">\n<h2 class=\"has-text-align-center has-white-color has-text-color\"><strong>Tarifs<\/strong><\/h2>\n\n\n\n<p class=\"has-text-align-center has-white-color has-text-color\">Remplacez ce texte par d\u00e9faut par votre propre texte, mettez les photos les plus proche de votre activit\u00e9 et vous \u00eatre pr\u00eat. Les textes figurant dans les pages du texte servent d\u2019exemple et peuvent \u00eatre remplac\u00e9 en vous connectant \u00e0 votre site.<\/p>\n<\/div><\/div>\n\n\n\n<div class=\"is-layout-constrained wp-block-group\"><div class=\"wp-block-group__inner-container\">\n<h2 class=\"has-text-align-center\"><strong>+200%<\/strong><\/h2>\n\n\n\n<p class=\"has-text-align-center\">Remplacez ce texte par d\u00e9faut par votre propre texte, mettez les photos les plus proche de votre activit\u00e9 et vous \u00eatre pr\u00eat. Les textes figurant dans les pages du texte servent d\u2019exemple et peuvent \u00eatre remplac\u00e9 en vous connectant \u00e0 votre site.<\/p>\n<\/div><\/div>\n\n\n\n<div class=\"is-layout-constrained wp-block-group\"><div class=\"wp-block-group__inner-container\">\n<h2 class=\"has-text-align-center\"><strong>Clefs du succ\u00e9s<\/strong><\/h2>\n\n\n\n<p class=\"has-text-align-center\">Remplacez ce texte par d\u00e9faut par votre propre texte, mettez les photos les plus proche de votre activit\u00e9 et vous \u00eatre pr\u00eat. Les textes figurant dans les pages du texte servent d\u2019exemple et peuvent \u00eatre remplac\u00e9 en vous connectant \u00e0 votre site.<\/p>\n<\/div><\/div>\n<\/div>\n<\/div><\/div>\n\n\n\n<div class=\"is-nowrap is-layout-flex wp-container-14 wp-block-group\">\n<p class=\"has-light-green-cyan-background-color has-background\">Le&nbsp;faux texte ici employ\u00e9 dans la composition et la mise en page permet de finaliser les pages du site , mais s&rsquo;est aussi adapt\u00e9 \u00e0 la bureautique informatique, sans que son contenu n&rsquo;en soit modifi\u00e9<\/p>\n\n\n\n<p class=\"has-cyan-bluish-gray-background-color has-background\">Le&nbsp;faux texte ici employ\u00e9 dans la composition et la mise en page permet de finaliser les pages du site , mais s&rsquo;est aussi adapt\u00e9 \u00e0 la bureautique informatique, sans que son contenu n&rsquo;en soit modifi\u00e9<\/p>\n<\/div>\n\n\n\n<div class=\"is-nowrap is-layout-flex wp-container-17 wp-block-group\">\n<div class=\"is-layout-constrained wp-block-group\"><div class=\"wp-block-group__inner-container\">\n<h2><strong>&nbsp;Les chiffres de l&rsquo;ann\u00e9e<\/strong><\/h2>\n\n\n\n<p>Le&nbsp;faux texte ici employ\u00e9 dans la composition et la mise en page permet de finaliser les pages du site , mais s&rsquo;est aussi adapt\u00e9 \u00e0 la bureautique informatique, sans que son contenu n&rsquo;en soit modifi\u00e9.<\/p>\n<\/div><\/div>\n\n\n\n<div class=\"is-layout-constrained wp-block-group\"><div class=\"wp-block-group__inner-container\">\n<h2><strong>A propos de nous<\/strong><\/h2>\n\n\n\n<p>Le&nbsp;faux texte ici employ\u00e9 dans la composition et la mise en page permet de finaliser les pages du site , mais s&rsquo;est aussi adapt\u00e9 \u00e0 la bureautique informatique, sans que son contenu n&rsquo;en soit modifi\u00e9.<\/p>\n<\/div><\/div>\n<\/div>\n\n\n\n<div class=\"is-nowrap is-layout-flex wp-container-20 wp-block-group\">\n<div class=\"is-layout-constrained wp-block-group\"><div class=\"wp-block-group__inner-container\">\n<h2><strong>R\u00e9seaux et influence<\/strong><\/h2>\n\n\n\n<p>Le&nbsp;faux texte ici employ\u00e9 dans la composition et la mise en page permet de finaliser les pages du site , mais s&rsquo;est aussi adapt\u00e9 \u00e0 la bureautique informatique, sans que son contenu n&rsquo;en soit modifi\u00e9.<\/p>\n<\/div><\/div>\n\n\n\n<div class=\"is-layout-constrained wp-block-group\"><div class=\"wp-block-group__inner-container\">\n<h2><strong>Service client<\/strong><\/h2>\n\n\n\n<p>Le&nbsp;faux texte ici employ\u00e9 dans la composition et la mise en page permet de finaliser les pages du site , mais s&rsquo;est aussi adapt\u00e9 \u00e0 la bureautique informatique, sans que son contenu n&rsquo;en soit modifi\u00e9.<\/p>\n<\/div><\/div>\n<\/div>\n","protected":false},"excerpt":{"rendered":"<p>Tendance du march\u00e9 Le&nbsp;faux texte ici employ\u00e9 dans la composition et la mise en page permet de finaliser les pages du site , mais s&rsquo;est aussi adapt\u00e9 \u00e0 la bureautique informatique, sans que son contenu n&rsquo;en soit modifi\u00e9. 100% d&rsquo;engagement Le&nbsp;faux texte ici employ\u00e9 dans la composition et la mise en page permet de finaliser &hellip; <\/p>\n<p class=\"link-more\"><a href=\"https:\/\/www.creation-site-vtc.com\/demos\/202403\/\" class=\"more-link\">Continuer la lecture<span class=\"screen-reader-text\"> de &laquo;&nbsp;Accueil&nbsp;&raquo;<\/span><\/a><\/p>\n","protected":false},"author":1,"featured_media":0,"parent":0,"menu_order":0,"comment_status":"closed","ping_status":"closed","template":"","meta":[],"_links":{"self":[{"href":"https:\/\/www.creation-site-vtc.com\/demos\/202403\/wp-json\/wp\/v2\/pages\/671"}],"collection":[{"href":"https:\/\/www.creation-site-vtc.com\/demos\/202403\/wp-json\/wp\/v2\/pages"}],"about":[{"href":"https:\/\/www.creation-site-vtc.com\/demos\/202403\/wp-json\/wp\/v2\/types\/page"}],"author":[{"embeddable":true,"href":"https:\/\/www.creation-site-vtc.com\/demos\/202403\/wp-json\/wp\/v2\/users\/1"}],"replies":[{"embeddable":true,"href":"https:\/\/www.creation-site-vtc.com\/demos\/202403\/wp-json\/wp\/v2\/comments?post=671"}],"version-history":[{"count":43,"href":"https:\/\/www.creation-site-vtc.com\/demos\/202403\/wp-json\/wp\/v2\/pages\/671\/revisions"}],"predecessor-version":[{"id":3862,"href":"https:\/\/www.creation-site-vtc.com\/demos\/202403\/wp-json\/wp\/v2\/pages\/671\/revisions\/3862"}],"wp:attachment":[{"href":"https:\/\/www.creation-site-vtc.com\/demos\/202403\/wp-json\/wp\/v2\/media?parent=671"}],"curies":[{"name":"wp","href":"https:\/\/api.w.org\/{rel}","templated":true}]}}