{"id":409,"date":"2017-10-24T14:52:08","date_gmt":"2017-10-24T12:52:08","guid":{"rendered":"http:\/\/tableau-deco.com\/?page_id=20"},"modified":"2024-06-09T14:15:05","modified_gmt":"2024-06-09T12:15:05","slug":"welcome","status":"publish","type":"page","link":"https:\/\/www.creation-site-vtc.com\/demos\/202403\/welcome\/","title":{"rendered":"R\u00e9servation"},"content":{"rendered":"\n\n\n<div class=\"wp-block-media-text alignwide has-media-on-the-right is-stacked-on-mobile\"><div class=\"wp-block-media-text__content\">\n<h2><strong>Passagers<\/strong><\/h2>\n\n\n\n<p>Le&nbsp;faux texte ici employ\u00e9 dans la composition et la mise en page permet de finaliser les pages du site<\/p>\n\n\n\n<h2><strong>Moyens de paiement<\/strong><\/h2>\n\n\n\n<p>Le&nbsp;faux texte ici employ\u00e9 dans la composition et la mise en page permet de finaliser les pages du site<\/p>\n<\/div><figure class=\"wp-block-media-text__media\"><img decoding=\"async\" loading=\"lazy\" width=\"1024\" height=\"680\" src=\"https:\/\/www.creation-site-vtc\/demos\/202403\/wp-content\/uploads\/sites\/217\/2017\/10\/image28-1-1024x680.jpg\" alt=\"\" class=\"wp-image-1298 size-full\" srcset=\"https:\/\/www.creation-site-vtc.com\/demos\/202403\/wp-content\/uploads\/sites\/217\/2017\/10\/image28-1-1024x680.jpg 1024w, https:\/\/www.creation-site-vtc.com\/demos\/202403\/wp-content\/uploads\/sites\/217\/2017\/10\/image28-1-300x199.jpg 300w, https:\/\/www.creation-site-vtc.com\/demos\/202403\/wp-content\/uploads\/sites\/217\/2017\/10\/image28-1-768x510.jpg 768w, https:\/\/www.creation-site-vtc.com\/demos\/202403\/wp-content\/uploads\/sites\/217\/2017\/10\/image28-1-1536x1020.jpg 1536w, https:\/\/www.creation-site-vtc.com\/demos\/202403\/wp-content\/uploads\/sites\/217\/2017\/10\/image28-1-272x182.jpg 272w, https:\/\/www.creation-site-vtc.com\/demos\/202403\/wp-content\/uploads\/sites\/217\/2017\/10\/image28-1.jpg 1880w\" sizes=\"(max-width: 767px) 89vw, (max-width: 1000px) 54vw, (max-width: 1071px) 543px, 580px\" \/><\/figure><\/div>\n\n\n\n<div class=\"wp-block-media-text alignwide is-stacked-on-mobile\"><figure class=\"wp-block-media-text__media\"><img decoding=\"async\" loading=\"lazy\" width=\"1024\" height=\"682\" src=\"https:\/\/www.creation-site-vtc\/demos\/202403\/wp-content\/uploads\/sites\/217\/2017\/10\/image30-1024x682.jpeg\" alt=\"\" class=\"wp-image-1296 size-full\" srcset=\"https:\/\/www.creation-site-vtc.com\/demos\/202403\/wp-content\/uploads\/sites\/217\/2017\/10\/image30-1024x682.jpeg 1024w, https:\/\/www.creation-site-vtc.com\/demos\/202403\/wp-content\/uploads\/sites\/217\/2017\/10\/image30-300x200.jpeg 300w, https:\/\/www.creation-site-vtc.com\/demos\/202403\/wp-content\/uploads\/sites\/217\/2017\/10\/image30-768x512.jpeg 768w, https:\/\/www.creation-site-vtc.com\/demos\/202403\/wp-content\/uploads\/sites\/217\/2017\/10\/image30-1536x1024.jpeg 1536w, https:\/\/www.creation-site-vtc.com\/demos\/202403\/wp-content\/uploads\/sites\/217\/2017\/10\/image30-272x182.jpeg 272w, https:\/\/www.creation-site-vtc.com\/demos\/202403\/wp-content\/uploads\/sites\/217\/2017\/10\/image30.jpeg 1880w\" sizes=\"(max-width: 767px) 89vw, (max-width: 1000px) 54vw, (max-width: 1071px) 543px, 580px\" \/><\/figure><div class=\"wp-block-media-text__content\">\n<h2><strong>Formation<\/strong><\/h2>\n\n\n\n<p>Le&nbsp;faux texte ici employ\u00e9 dans la composition et la mise en page permet de finaliser les pages du site<\/p>\n\n\n\n<h2><strong>Donn\u00e9es s\u00e9curis\u00e9es<\/strong><\/h2>\n\n\n\n<p>Le&nbsp;faux texte ici employ\u00e9 dans la composition et la mise en page permet de finaliser les pages du site<\/p>\n<\/div><\/div>\n\n\n\n<div class=\"wp-block-media-text alignwide has-media-on-the-right is-stacked-on-mobile\"><div class=\"wp-block-media-text__content\">\n<h2><strong>Trajet tout confort !<\/strong><\/h2>\n\n\n\n<h3 class=\"has-medium-font-size\">Le&nbsp;faux texte ici employ\u00e9 dans la composition et la mise en page permet de finaliser les pages du site , mais s\u2019est aussi adapt\u00e9 \u00e0 la bureautique informatique, sans que son contenu n\u2019en soit modifi\u00e9.<\/h3>\n\n\n\n<p>Remplacez ce texte par d\u00e9faut par votre propre texte, mettez les photos les plus proche de votre activit\u00e9 et vous \u00eatre pr\u00eat. Les textes figurant dans les pages du texte servent d\u2019exemple et peuvent \u00eatre remplac\u00e9 en vous connectant \u00e0 votre site. Du texte. Du texte.\u2019 est qu\u2019il poss\u00e8de une distribution de lettres plus ou moins normale, et en tout cas comparable avec celle du fran\u00e7ais standard. De nombreuses suites logicielles de mise en page ou \u00e9diteurs de sites Web ont fait de leur faux texte un outil de pr\u00e9sentatio , pour tout question envoy\u00e9 un mail \u00e0&nbsp;&nbsp;l\u2019\u00e9quipe abcth\u00e8me.<\/p>\n\n\n\n<p><\/p>\n<\/div><figure class=\"wp-block-media-text__media\"><img decoding=\"async\" loading=\"lazy\" width=\"731\" height=\"1024\" src=\"https:\/\/www.creation-site-vtc\/demos\/202403\/wp-content\/uploads\/sites\/217\/2017\/10\/image15-731x1024.jpg\" alt=\"\" class=\"wp-image-1327 size-full\" srcset=\"https:\/\/www.creation-site-vtc.com\/demos\/202403\/wp-content\/uploads\/sites\/217\/2017\/10\/image15-731x1024.jpg 731w, https:\/\/www.creation-site-vtc.com\/demos\/202403\/wp-content\/uploads\/sites\/217\/2017\/10\/image15-214x300.jpg 214w, https:\/\/www.creation-site-vtc.com\/demos\/202403\/wp-content\/uploads\/sites\/217\/2017\/10\/image15-768x1076.jpg 768w, https:\/\/www.creation-site-vtc.com\/demos\/202403\/wp-content\/uploads\/sites\/217\/2017\/10\/image15.jpg 928w\" sizes=\"(max-width: 731px) 100vw, 731px\" \/><\/figure><\/div>\n\n\n\n<div class=\"wp-block-cover\"><span aria-hidden=\"true\" class=\"wp-block-cover__background has-background-dim\"><\/span><img decoding=\"async\" loading=\"lazy\" width=\"1880\" height=\"1254\" class=\"wp-block-cover__image-background wp-image-1309\" alt=\"\" src=\"https:\/\/www.creation-site-vtc\/demos\/202403\/wp-content\/uploads\/sites\/217\/2017\/10\/image15-1.jpeg\" data-object-fit=\"cover\" srcset=\"https:\/\/www.creation-site-vtc.com\/demos\/202403\/wp-content\/uploads\/sites\/217\/2017\/10\/image15-1.jpeg 1880w, https:\/\/www.creation-site-vtc.com\/demos\/202403\/wp-content\/uploads\/sites\/217\/2017\/10\/image15-1-300x200.jpeg 300w, https:\/\/www.creation-site-vtc.com\/demos\/202403\/wp-content\/uploads\/sites\/217\/2017\/10\/image15-1-1024x683.jpeg 1024w, https:\/\/www.creation-site-vtc.com\/demos\/202403\/wp-content\/uploads\/sites\/217\/2017\/10\/image15-1-768x512.jpeg 768w, https:\/\/www.creation-site-vtc.com\/demos\/202403\/wp-content\/uploads\/sites\/217\/2017\/10\/image15-1-1536x1025.jpeg 1536w, https:\/\/www.creation-site-vtc.com\/demos\/202403\/wp-content\/uploads\/sites\/217\/2017\/10\/image15-1-272x182.jpeg 272w\" sizes=\"(max-width: 767px) 89vw, (max-width: 1000px) 54vw, (max-width: 1071px) 543px, 580px\" \/><div class=\"wp-block-cover__inner-container\">\n<h2 class=\"has-text-align-center\"><strong>D\u00e9couvrez le th\u00e8me&nbsp;<\/strong>Gamma<\/h2>\n\n\n\n<p class=\"has-text-align-center\">Le&nbsp;faux texte ici employ\u00e9 dans la composition et la mise en page permet<br>de finaliser les pages du site , mais s&rsquo;est aussi adapt\u00e9 \u00e0 la bureautique<\/p>\n\n\n\n<h2 class=\"has-text-align-center\">Vers le future du transport urbain<\/h2>\n\n\n\n<p class=\"has-text-align-center\">Le&nbsp;faux texte ici employ\u00e9 dans la composition et la mise en page permet<br>de finaliser les pages du site , mais s&rsquo;est aussi adapt\u00e9 \u00e0 la bureautique<br>informatique, sans que son contenu n&rsquo;en soit modifi\u00e9<\/p>\n<\/div><\/div>\n\n\n\n<div class=\"is-nowrap is-layout-flex wp-container-1 wp-block-group alignwide\">\n<div class=\"wp-block-media-text alignwide has-media-on-the-right is-stacked-on-mobile\"><div class=\"wp-block-media-text__content\">\n<h2 class=\"has-text-align-center\">Les chiffres du march\u00e9<\/h2>\n\n\n\n<p class=\"has-text-align-center\">Le&nbsp;faux texte ici employ\u00e9 dans la composition et la mise en page permet de finaliser les pages du site , mais s&rsquo;est aussi adapt\u00e9 \u00e0 la bureautique informatique, sans que son contenu n&rsquo;en soit modifi\u00e9<\/p>\n\n\n\n<p><\/p>\n<\/div><figure class=\"wp-block-media-text__media\"><img decoding=\"async\" loading=\"lazy\" width=\"660\" height=\"780\" src=\"https:\/\/www.creation-site-vtc\/demos\/202403\/wp-content\/uploads\/sites\/217\/2021\/02\/image412.jpg\" alt=\"\" class=\"wp-image-3120 size-full\" srcset=\"https:\/\/www.creation-site-vtc.com\/demos\/202403\/wp-content\/uploads\/sites\/217\/2021\/02\/image412.jpg 660w, https:\/\/www.creation-site-vtc.com\/demos\/202403\/wp-content\/uploads\/sites\/217\/2021\/02\/image412-254x300.jpg 254w\" sizes=\"(max-width: 660px) 100vw, 660px\" \/><\/figure><\/div>\n\n\n\n<div class=\"wp-block-media-text alignwide has-media-on-the-right is-stacked-on-mobile\"><div class=\"wp-block-media-text__content\">\n<h2 class=\"has-text-align-center\">Budget de d\u00e9veloppement<\/h2>\n\n\n\n<p class=\"has-text-align-center\">Le&nbsp;faux texte ici employ\u00e9 dans la composition et la mise en page permet de finaliser les pages du site , mais s&rsquo;est aussi adapt\u00e9 \u00e0 la bureautique informatique, sans que son contenu n&rsquo;en soit modifi\u00e9<\/p>\n<\/div><figure class=\"wp-block-media-text__media\"><img decoding=\"async\" loading=\"lazy\" width=\"660\" height=\"780\" src=\"https:\/\/www.creation-site-vtc\/demos\/202403\/wp-content\/uploads\/sites\/217\/2021\/02\/image232.jpg\" alt=\"\" class=\"wp-image-3119 size-full\" srcset=\"https:\/\/www.creation-site-vtc.com\/demos\/202403\/wp-content\/uploads\/sites\/217\/2021\/02\/image232.jpg 660w, https:\/\/www.creation-site-vtc.com\/demos\/202403\/wp-content\/uploads\/sites\/217\/2021\/02\/image232-254x300.jpg 254w\" sizes=\"(max-width: 660px) 100vw, 660px\" \/><\/figure><\/div>\n<\/div>\n\n\n\n<div class=\"wp-block-cover is-light\"><span aria-hidden=\"true\" class=\"wp-block-cover__background has-background-dim\"><\/span><img decoding=\"async\" loading=\"lazy\" width=\"1880\" height=\"1251\" class=\"wp-block-cover__image-background wp-image-1323\" alt=\"\" src=\"https:\/\/www.creation-site-vtc\/demos\/202403\/wp-content\/uploads\/sites\/217\/2017\/10\/image14-1.jpg\" data-object-fit=\"cover\" srcset=\"https:\/\/www.creation-site-vtc.com\/demos\/202403\/wp-content\/uploads\/sites\/217\/2017\/10\/image14-1.jpg 1880w, https:\/\/www.creation-site-vtc.com\/demos\/202403\/wp-content\/uploads\/sites\/217\/2017\/10\/image14-1-300x200.jpg 300w, https:\/\/www.creation-site-vtc.com\/demos\/202403\/wp-content\/uploads\/sites\/217\/2017\/10\/image14-1-1024x681.jpg 1024w, https:\/\/www.creation-site-vtc.com\/demos\/202403\/wp-content\/uploads\/sites\/217\/2017\/10\/image14-1-768x511.jpg 768w, https:\/\/www.creation-site-vtc.com\/demos\/202403\/wp-content\/uploads\/sites\/217\/2017\/10\/image14-1-1536x1022.jpg 1536w, https:\/\/www.creation-site-vtc.com\/demos\/202403\/wp-content\/uploads\/sites\/217\/2017\/10\/image14-1-272x182.jpg 272w\" sizes=\"(max-width: 767px) 89vw, (max-width: 1000px) 54vw, (max-width: 1071px) 543px, 580px\" \/><div class=\"wp-block-cover__inner-container\">\n<div class=\"is-nowrap is-layout-flex wp-container-4 wp-block-group has-white-color has-text-color\">\n<div class=\"is-layout-constrained wp-block-group\"><div class=\"wp-block-group__inner-container\">\n<h2>Anticipation des besoins<\/h2>\n\n\n\n<p>Anticipation des besoinsLe&nbsp;faux texte ici employ\u00e9 dans la composition et la mise en page permet de finaliser les pages du site , mais s&rsquo;est aussi adapt\u00e9 \u00e0 la bureautique informatique, sans que son contenu n&rsquo;en soit modifi\u00e9<\/p>\n<\/div><\/div>\n\n\n\n<div class=\"is-layout-constrained wp-block-group\"><div class=\"wp-block-group__inner-container\">\n<h2>Communication<\/h2>\n\n\n\n<p>Le&nbsp;faux texte ici employ\u00e9 dans la composition et la mise en page permet de finaliser les pages du site , mais s&rsquo;est aussi adapt\u00e9 \u00e0 la bureautique informatique, sans que son contenu n&rsquo;en soit modifi\u00e9<\/p>\n<\/div><\/div>\n<\/div>\n<\/div><\/div>\n","protected":false},"excerpt":{"rendered":"<p>Passagers Le&nbsp;faux texte ici employ\u00e9 dans la composition et la mise en page permet de finaliser les pages du site Moyens de paiement Le&nbsp;faux texte ici employ\u00e9 dans la composition et la mise en page permet de finaliser les pages du site Formation Le&nbsp;faux texte ici employ\u00e9 dans la composition et la mise en page &hellip; <\/p>\n<p class=\"link-more\"><a href=\"https:\/\/www.creation-site-vtc.com\/demos\/202403\/welcome\/\" class=\"more-link\">Continuer la lecture<span class=\"screen-reader-text\"> de &laquo;&nbsp;R\u00e9servation&nbsp;&raquo;<\/span><\/a><\/p>\n","protected":false},"author":1,"featured_media":0,"parent":0,"menu_order":0,"comment_status":"closed","ping_status":"closed","template":"","meta":[],"_links":{"self":[{"href":"https:\/\/www.creation-site-vtc.com\/demos\/202403\/wp-json\/wp\/v2\/pages\/409"}],"collection":[{"href":"https:\/\/www.creation-site-vtc.com\/demos\/202403\/wp-json\/wp\/v2\/pages"}],"about":[{"href":"https:\/\/www.creation-site-vtc.com\/demos\/202403\/wp-json\/wp\/v2\/types\/page"}],"author":[{"embeddable":true,"href":"https:\/\/www.creation-site-vtc.com\/demos\/202403\/wp-json\/wp\/v2\/users\/1"}],"replies":[{"embeddable":true,"href":"https:\/\/www.creation-site-vtc.com\/demos\/202403\/wp-json\/wp\/v2\/comments?post=409"}],"version-history":[{"count":43,"href":"https:\/\/www.creation-site-vtc.com\/demos\/202403\/wp-json\/wp\/v2\/pages\/409\/revisions"}],"predecessor-version":[{"id":3815,"href":"https:\/\/www.creation-site-vtc.com\/demos\/202403\/wp-json\/wp\/v2\/pages\/409\/revisions\/3815"}],"wp:attachment":[{"href":"https:\/\/www.creation-site-vtc.com\/demos\/202403\/wp-json\/wp\/v2\/media?parent=409"}],"curies":[{"name":"wp","href":"https:\/\/api.w.org\/{rel}","templated":true}]}}